{"id":18,"date":"2015-09-27T20:38:10","date_gmt":"2015-09-27T18:38:10","guid":{"rendered":"http:\/\/www.fwd-tragfaehigkeit.de\/?page_id=18"},"modified":"2017-09-10T15:08:34","modified_gmt":"2017-09-10T14:08:34","slug":"homepage","status":"publish","type":"page","link":"https:\/\/www.fwd-tragfaehigkeit.de\/","title":{"rendered":"Startseite"},"content":{"rendered":"<div id=\"pl-18\"  class=\"panel-layout\" ><div id=\"pg-18-0\"  class=\"panel-grid panel-no-style\" ><div id=\"pgc-18-0-0\"  class=\"panel-grid-cell\" ><div id=\"panel-18-0-0-0\" class=\"so-panel widget widget_circleicon-widget panel-first-child panel-last-child\" data-index=\"0\" >\t\t<div class=\"circle-icon-box circle-icon-position-top circle-icon-hide-box circle-icon-size-small\">\n\t\t\t<div class=\"circle-icon-wrapper\">\n\t\t\t\t\t\t\t\t<div class=\"circle-icon\" >\n\t\t\t\t\t<div class=\"fa fa-info-circle\" ><\/div>\t\t\t\t<\/div>\n\t\t\t\t\t\t\t<\/div>\n\n\t\t\t\t\t\t<h4 >INFORMATIONEN<\/h4>\t\t\t\n\t\t\t<p class=\"text\" >Hier erhalten Sie weitere Informationen \u00fcber das Messger\u00e4t Falling-Weight-Deflectometer (FWD). Wie l\u00e4uft eine Tragf\u00e4higkeitsmessung ab.<\/p>\t\t\t\t\t\t\t<a href=\"index.php\/messgeraet\/\" class=\"more-button\" >weitere Informationen <i><\/i><\/a>\n\t\t\t\t\t<\/div>\n\t\t<\/div><\/div><div id=\"pgc-18-0-1\"  class=\"panel-grid-cell\" ><div id=\"panel-18-0-1-0\" class=\"so-panel widget widget_circleicon-widget panel-first-child panel-last-child\" data-index=\"1\" >\t\t<div class=\"circle-icon-box circle-icon-position-top circle-icon-hide-box circle-icon-size-small\">\n\t\t\t<div class=\"circle-icon-wrapper\">\n\t\t\t\t\t\t\t\t<div class=\"circle-icon\" >\n\t\t\t\t\t<div class=\"fa fa-phone\" ><\/div>\t\t\t\t<\/div>\n\t\t\t\t\t\t\t<\/div>\n\n\t\t\t\t\t\t<h4 >BERATUNG<\/h4>\t\t\t\n\t\t\t<p class=\"text\" >Sie m\u00f6chten ein Falling-Weight-Deflectometer einsetzen? Wir beraten Sie gerne, erl\u00e4utern Ihnen die Einsatzm\u00f6glichkeiten und Randbedingungen des Messger\u00e4tes.<\/p>\t\t\t\t\t\t\t<a href=\"index.php\/kontakt\/\" class=\"more-button\" >Kontakt aufnehmen <i><\/i><\/a>\n\t\t\t\t\t<\/div>\n\t\t<\/div><\/div><div id=\"pgc-18-0-2\"  class=\"panel-grid-cell\" ><div id=\"panel-18-0-2-0\" class=\"so-panel widget widget_circleicon-widget panel-first-child panel-last-child\" data-index=\"2\" >\t\t<div class=\"circle-icon-box circle-icon-position-top circle-icon-hide-box circle-icon-size-small\">\n\t\t\t<div class=\"circle-icon-wrapper\">\n\t\t\t\t\t\t\t\t<div class=\"circle-icon\" >\n\t\t\t\t\t<div class=\"fa fa-pencil\" ><\/div>\t\t\t\t<\/div>\n\t\t\t\t\t\t\t<\/div>\n\n\t\t\t\t\t\t<h4 >ANGEBOT<\/h4>\t\t\t\n\t\t\t<p class=\"text\" >Wir erstellen Ihnen gerne ein unverbindliches Angebot. Nutzen Sie unser Anfrageformular, rufen Sie an oder schreiben Sie uns eine E-Mail.<\/p>\t\t\t\t\t\t\t<a href=\"index.php\/anfrage\/\" class=\"more-button\" >Angebot anfordern <i><\/i><\/a>\n\t\t\t\t\t<\/div>\n\t\t<\/div><\/div><\/div><div id=\"pg-18-1\"  class=\"panel-grid panel-has-style\" ><div class=\"wide-grey panel-row-style panel-row-style-for-18-1\" ><div id=\"pgc-18-1-0\"  class=\"panel-grid-cell\" ><div id=\"panel-18-1-0-0\" class=\"so-panel widget widget_headline-widget panel-first-child panel-last-child\" data-index=\"3\" >\t\t<h1>Falling-Weight-Deflectometer (FWD)<\/h1>\n\t\t<div class=\"decoration\"><div class=\"decoration-inside\"><\/div><\/div>\n\t\t<h3>Tragf\u00e4higkeitsmessungen auf Verkehrsfl\u00e4chen, wie z. B. Stra\u00dfen, Flugbetriebsfl\u00e4chen und Industriefl\u00e4chen,  in Asphalt- und Betonbauweise<\/h3>\n\t\t<\/div><\/div><\/div><\/div><div id=\"pg-18-2\"  class=\"panel-grid panel-no-style\" ><div id=\"pgc-18-2-0\"  class=\"panel-grid-cell\" ><div id=\"panel-18-2-0-0\" class=\"so-panel widget widget_sow-post-carousel panel-first-child panel-last-child\" data-index=\"4\" ><div class=\"so-widget-sow-post-carousel so-widget-sow-post-carousel-default-cea027ed113e\">\n<\/div><\/div><\/div><\/div><div id=\"pg-18-3\"  class=\"panel-grid panel-no-style\" ><div id=\"pgc-18-3-0\"  class=\"panel-grid-cell\" ><div id=\"panel-18-3-0-0\" class=\"so-panel widget widget_sow-editor panel-first-child panel-last-child\" data-index=\"5\" ><div class=\"so-widget-sow-editor so-widget-sow-editor-base\">\n<div class=\"siteorigin-widget-tinymce textwidget\">\n\t<p style=\"text-align: right;\"><strong>ZETCON Ingenieure GmbH ist zertifiziert nach\u00a0DIN EN ISO 9001:2015<\/strong><\/p>\n<\/div>\n<\/div><\/div><\/div><\/div><\/div>","protected":false},"excerpt":{"rendered":"<p>INFORMATIONEN Hier erhalten Sie weitere Informationen \u00fcber das Messger\u00e4t Falling-Weight-Deflectometer (FWD). Wie l\u00e4uft eine Tragf\u00e4higkeitsmessung ab. weitere Informationen BERATUNG Sie m\u00f6chten ein Falling-Weight-Deflectometer einsetzen? Wir beraten Sie gerne, erl\u00e4utern Ihnen die Einsatzm\u00f6glichkeiten und Randbedingungen des Messger\u00e4tes. Kontakt aufnehmen ANGEBOT Wir erstellen Ihnen gerne ein unverbindliches Angebot. Nutzen Sie unser Anfrageformular, rufen Sie an oder schreiben [&hellip;]<\/p>\n","protected":false},"author":1,"featured_media":0,"parent":0,"menu_order":0,"comment_status":"closed","ping_status":"closed","template":"home-panels.php","meta":[],"_links":{"self":[{"href":"https:\/\/www.fwd-tragfaehigkeit.de\/index.php\/wp-json\/wp\/v2\/pages\/18"}],"collection":[{"href":"https:\/\/www.fwd-tragfaehigkeit.de\/index.php\/wp-json\/wp\/v2\/pages"}],"about":[{"href":"https:\/\/www.fwd-tragfaehigkeit.de\/index.php\/wp-json\/wp\/v2\/types\/page"}],"author":[{"embeddable":true,"href":"https:\/\/www.fwd-tragfaehigkeit.de\/index.php\/wp-json\/wp\/v2\/users\/1"}],"replies":[{"embeddable":true,"href":"https:\/\/www.fwd-tragfaehigkeit.de\/index.php\/wp-json\/wp\/v2\/comments?post=18"}],"version-history":[{"count":8,"href":"https:\/\/www.fwd-tragfaehigkeit.de\/index.php\/wp-json\/wp\/v2\/pages\/18\/revisions"}],"predecessor-version":[{"id":221,"href":"https:\/\/www.fwd-tragfaehigkeit.de\/index.php\/wp-json\/wp\/v2\/pages\/18\/revisions\/221"}],"wp:attachment":[{"href":"https:\/\/www.fwd-tragfaehigkeit.de\/index.php\/wp-json\/wp\/v2\/media?parent=18"}],"curies":[{"name":"wp","href":"https:\/\/api.w.org\/{rel}","templated":true}]}}